{"id":957,"date":"2020-03-09T09:55:17","date_gmt":"2020-03-09T15:55:17","guid":{"rendered":"https:\/\/globalorthodesign.com\/statements\/"},"modified":"2022-03-09T13:28:46","modified_gmt":"2022-03-09T19:28:46","slug":"declaraciones","status":"publish","type":"page","link":"https:\/\/globalorthodesign.com\/es\/declaraciones\/","title":{"rendered":"Declaraciones"},"content":{"rendered":"\t\t<div data-elementor-type=\"wp-page\" data-elementor-id=\"957\" class=\"elementor elementor-957 elementor-881\" data-elementor-post-type=\"page\">\n\t\t\t\t\t\t<section class=\"elementor-section elementor-top-section elementor-element elementor-element-d4c7512 elementor-section-height-min-height elementor-section-boxed elementor-section-height-default elementor-section-items-middle\" data-id=\"d4c7512\" data-element_type=\"section\" data-settings=\"{&quot;background_background&quot;:&quot;classic&quot;}\">\n\t\t\t\t\t\t\t<div class=\"elementor-background-overlay\"><\/div>\n\t\t\t\t\t\t\t<div class=\"elementor-container elementor-column-gap-default\">\n\t\t\t\t\t<div class=\"elementor-column elementor-col-100 elementor-top-column elementor-element elementor-element-91f3bc0\" data-id=\"91f3bc0\" data-element_type=\"column\">\n\t\t\t<div class=\"elementor-widget-wrap elementor-element-populated\">\n\t\t\t\t\t\t<div class=\"elementor-element elementor-element-28ad4ed elementor-widget elementor-widget-heading\" data-id=\"28ad4ed\" data-element_type=\"widget\" data-widget_type=\"heading.default\">\n\t\t\t\t<div class=\"elementor-widget-container\">\n\t\t\t<h1 class=\"elementor-heading-title elementor-size-default\">Declaraciones<\/h1>\t\t<\/div>\n\t\t\t\t<\/div>\n\t\t\t\t\t<\/div>\n\t\t<\/div>\n\t\t\t\t\t<\/div>\n\t\t<\/section>\n\t\t\t\t<section class=\"elementor-section elementor-top-section elementor-element elementor-element-5ff1c3b6 elementor-section-boxed elementor-section-height-default elementor-section-height-default\" data-id=\"5ff1c3b6\" data-element_type=\"section\">\n\t\t\t\t\t\t<div class=\"elementor-container elementor-column-gap-default\">\n\t\t\t\t\t<div class=\"elementor-column elementor-col-100 elementor-top-column elementor-element elementor-element-47306fa6\" data-id=\"47306fa6\" data-element_type=\"column\">\n\t\t\t<div class=\"elementor-widget-wrap elementor-element-populated\">\n\t\t\t\t\t\t<div class=\"elementor-element elementor-element-c53ec55 elementor-widget elementor-widget-text-editor\" data-id=\"c53ec55\" data-element_type=\"widget\" data-widget_type=\"text-editor.default\">\n\t\t\t\t<div class=\"elementor-widget-container\">\n\t\t\t\t\t\t\t<h2 style=\"text-align: center;\">Declaraci\u00f3n de misi\u00f3n<\/h2>\r\nGlobal Ortho Design se compromete a eliminar las correcciones y los refinamientos a mitad de caso. Nuestro objetivo es hacer que todos nuestros casos sigan el resultado previsto de nuestras configuraciones y dise\u00f1os.\r\n\r\n&nbsp;\r\n<h2 style=\"text-align: center;\">Declaraci\u00f3n de visi\u00f3n<\/h2>\r\nNuestra visi\u00f3n en Global Ortho Design es escalar a un ritmo para mantener el m\u00e1s alto nivel de dise\u00f1o de alineadores transparentes. La reputaci\u00f3n de ser los mejores a trav\u00e9s de la educaci\u00f3n continua y nuestros propios ensayos cl\u00ednicos es nuestra visi\u00f3n.\t\t\t\t\t\t<\/div>\n\t\t\t\t<\/div>\n\t\t\t\t\t<\/div>\n\t\t<\/div>\n\t\t\t\t\t<\/div>\n\t\t<\/section>\n\t\t\t\t<\/div>\n\t\t","protected":false},"excerpt":{"rendered":"<p>Declaraciones Declaraci\u00f3n de misi\u00f3n Global Ortho Design se compromete a eliminar las correcciones y los refinamientos a mitad de caso. Nuestro objetivo es hacer que todos nuestros casos sigan el resultado previsto de nuestras configuraciones y dise\u00f1os. &nbsp; Declaraci\u00f3n de visi\u00f3n Nuestra visi\u00f3n en Global Ortho Design es escalar a un ritmo para mantener el [&hellip;]<\/p>\n","protected":false},"author":1,"featured_media":0,"parent":0,"menu_order":0,"comment_status":"closed","ping_status":"closed","template":"","meta":{"footnotes":""},"_links":{"self":[{"href":"https:\/\/globalorthodesign.com\/es\/wp-json\/wp\/v2\/pages\/957"}],"collection":[{"href":"https:\/\/globalorthodesign.com\/es\/wp-json\/wp\/v2\/pages"}],"about":[{"href":"https:\/\/globalorthodesign.com\/es\/wp-json\/wp\/v2\/types\/page"}],"author":[{"embeddable":true,"href":"https:\/\/globalorthodesign.com\/es\/wp-json\/wp\/v2\/users\/1"}],"replies":[{"embeddable":true,"href":"https:\/\/globalorthodesign.com\/es\/wp-json\/wp\/v2\/comments?post=957"}],"version-history":[{"count":3,"href":"https:\/\/globalorthodesign.com\/es\/wp-json\/wp\/v2\/pages\/957\/revisions"}],"predecessor-version":[{"id":1417,"href":"https:\/\/globalorthodesign.com\/es\/wp-json\/wp\/v2\/pages\/957\/revisions\/1417"}],"wp:attachment":[{"href":"https:\/\/globalorthodesign.com\/es\/wp-json\/wp\/v2\/media?parent=957"}],"curies":[{"name":"wp","href":"https:\/\/api.w.org\/{rel}","templated":true}]}}