{"id":1404,"date":"2022-03-09T13:20:37","date_gmt":"2022-03-09T19:20:37","guid":{"rendered":"https:\/\/globalorthodesign.com\/acordo-de-servicos\/"},"modified":"2022-03-09T13:20:37","modified_gmt":"2022-03-09T19:20:37","slug":"acordo-de-servicos","status":"publish","type":"page","link":"https:\/\/globalorthodesign.com\/pt-br\/acordo-de-servicos\/","title":{"rendered":"Acordo de servi\u00e7os"},"content":{"rendered":"\t\t<div data-elementor-type=\"wp-page\" data-elementor-id=\"1404\" class=\"elementor elementor-1404 elementor-3\" data-elementor-post-type=\"page\">\n\t\t\t\t\t\t<section class=\"elementor-section elementor-top-section elementor-element elementor-element-dff8941 elementor-section-height-min-height elementor-section-boxed elementor-section-height-default elementor-section-items-middle\" data-id=\"dff8941\" data-element_type=\"section\" data-settings=\"{&quot;background_background&quot;:&quot;classic&quot;}\">\n\t\t\t\t\t\t\t<div class=\"elementor-background-overlay\"><\/div>\n\t\t\t\t\t\t\t<div class=\"elementor-container elementor-column-gap-default\">\n\t\t\t\t\t<div class=\"elementor-column elementor-col-100 elementor-top-column elementor-element elementor-element-1f37dfb\" data-id=\"1f37dfb\" data-element_type=\"column\">\n\t\t\t<div class=\"elementor-widget-wrap elementor-element-populated\">\n\t\t\t\t\t\t<div class=\"elementor-element elementor-element-3eb19df elementor-widget elementor-widget-heading\" data-id=\"3eb19df\" data-element_type=\"widget\" data-widget_type=\"heading.default\">\n\t\t\t\t<div class=\"elementor-widget-container\">\n\t\t\t<h1 class=\"elementor-heading-title elementor-size-default\">Acordo de servi\u00e7os<\/h1>\t\t<\/div>\n\t\t\t\t<\/div>\n\t\t\t\t\t<\/div>\n\t\t<\/div>\n\t\t\t\t\t<\/div>\n\t\t<\/section>\n\t\t\t\t<section class=\"elementor-section elementor-top-section elementor-element elementor-element-7c13cf4c elementor-section-boxed elementor-section-height-default elementor-section-height-default\" data-id=\"7c13cf4c\" data-element_type=\"section\">\n\t\t\t\t\t\t<div class=\"elementor-container elementor-column-gap-default\">\n\t\t\t\t\t<div class=\"elementor-column elementor-col-100 elementor-top-column elementor-element elementor-element-5b4c44fb\" data-id=\"5b4c44fb\" data-element_type=\"column\">\n\t\t\t<div class=\"elementor-widget-wrap elementor-element-populated\">\n\t\t\t\t\t\t<div class=\"elementor-element elementor-element-59d2fafb elementor-widget elementor-widget-text-editor\" data-id=\"59d2fafb\" data-element_type=\"widget\" data-widget_type=\"text-editor.default\">\n\t\t\t\t<div class=\"elementor-widget-container\">\n\t\t\t\t\t\t\t<h2><strong>Introdu\u00e7\u00e3o<\/strong><\/h2>\r\nA Global Ortho Design Inc. (\u201cGLOBAL\u201d) tem o prazer de fornecer a voc\u00ea servi\u00e7os de design de alinhadores invis\u00edveis sob este Contrato Master de Servi\u00e7os (o \u201cContrato Master\u201d). Todos e quaisquer Pedidos, Faturas, s\u00e3o incorporados a este \u201cAcordo Master\u201d por e entre voc\u00ea e a Global (coletivamente, as \u201cPartes\u201d ou cada uma individualmente uma \u201cParte\u201d) para o design do alinhador invis\u00edvel e os arquivos pertinentes fornecidos por meio de tais Pedidos, Faturas e Chamadas de Servi\u00e7o. Conforme usado neste documento, as palavras \u201cn\u00f3s\u201d, \u201cnosso\u201d e \u201cnos\u201d referem-se a GLOBAL e as palavras \u201cCliente\u201d, \u201cvoc\u00ea\u201d e \u201cseu\u201d referem-se \u00e0 entidade que assinou qualquer pedido ou pagou qualquer fatura. Os Anexos a este Contrato Principal descrevem ainda os deveres e obriga\u00e7\u00f5es das Partes e s\u00e3o aqui incorporados por refer\u00eancia a este Contrato Principal.\r\n<h2><strong>Escopo de engajamento e resultados<\/strong><\/h2>\r\nO objetivo do engajamento \u00e9 fornecer servi\u00e7os de design de alinhadores invis\u00edveis. O cliente pode solicitar servi\u00e7os de design de alinhadores invis\u00edveis criando os casos usando a plataforma oficial GLOBAL incluindo todos os registros obrigat\u00f3rios. Este pedido de cria\u00e7\u00e3o de caso indicar\u00e1 a aceita\u00e7\u00e3o de todas as cobran\u00e7as relacionadas aos servi\u00e7os de design de alinhadores invis\u00edveis fornecidos pela GLOBAL. Ap\u00f3s a aceita\u00e7\u00e3o de um(s) caso(s) pela GLOBAL, tal(is) caso(s) ser\u00e1(\u00e3o) considerado(s) um \u201cCaso\u201d abaixo. Este Contrato Principal ser\u00e1 considerado incorporado por refer\u00eancia ao(s) Caso(s) por meio de tais casos fornecerem expressamente a declara\u00e7\u00e3o anterior e o link para este Contrato Principal. Uma vez que a GLOBAL tenha realizado o servi\u00e7o de design de alinhadores invis\u00edveis, a GLOBAL ir\u00e1 faturar o cliente conforme previsto neste documento. O Cliente aceita este Contrato Principal pela execu\u00e7\u00e3o de qualquer Caso Enviado, Pedido, pagamento de qualquer Fatura ou solicita\u00e7\u00e3o de um Servi\u00e7o.\r\n<h2><strong>Suas responsabilidades<\/strong><\/h2>\r\nA seguir est\u00e1 uma lista de responsabilidades que voc\u00ea entende e concorda como parte deste Contrato Principal.\r\n<ol>\r\n <li>Voc\u00ea designar\u00e1 e identificar\u00e1 (nome completo, cargo, n\u00famero de telefone, endere\u00e7o e endere\u00e7o de e-mail) para n\u00f3s por escrito, bem como um indiv\u00edduo para ser o ponto de contato principal e um indiv\u00edduo como o ponto de contato secund\u00e1rio. <\/li>\r\n <li>Voc\u00ea \u00e9 o \u00fanico respons\u00e1vel por estabelecer, manter e proteger as medidas de seguran\u00e7a (incluindo, sem limita\u00e7\u00e3o, c\u00f3digos, senhas ou outros recursos) que a GLOBAL fornece a voc\u00ea para acessar sua conta, necess\u00e1rias para restringir o acesso aos seus computadores, servidores ou outros equipamento usado para criar casos. Voc\u00ea concorda em notificar a GLOBAL sobre qualquer uso n\u00e3o autorizado ou qualquer outra viola\u00e7\u00e3o de seguran\u00e7a dentro de vinte e quatro (24) horas ap\u00f3s o uso n\u00e3o autorizado ser conhecido por voc\u00ea.<\/li>\r\n <li>Voc\u00ea concorda que \u00e9 de sua exclusiva responsabilidade pagar de acordo com o valor e os Termos de Pagamento de todos os casos, pedidos aqui incorporados por refer\u00eancia e todas e quaisquer Faturas enviadas a voc\u00ea pelos servi\u00e7os prestados pela GLOBAL.<\/li> l>\r\n<\/ol>\r\n<h2><strong>Nossas responsabilidades<\/strong><\/h2>\r\nA GLOBAL sempre usar\u00e1 esfor\u00e7os comercialmente razo\u00e1veis \u200b\u200bpara fornecer a voc\u00ea os melhores servi\u00e7os de design de alinhadores invis\u00edveis, de acordo com e em conformidade com os Pedidos e solicita\u00e7\u00f5es de servi\u00e7o declarados acima.\r\n<h2><strong>Cancelamento<\/strong><\/h2>\r\nCaso o Cliente cancele um Pedido ou solicita\u00e7\u00e3o de design de alinhador invis\u00edvel antes da GLOBAL concluir os servi\u00e7os solicitados, esses cancelamentos devem ser feitos usando a plataforma oficial GLOBAL antes que o pedido ou design de alinhador invis\u00edvel seja entregue para sua revis\u00e3o, de qualquer forma o Cliente dever\u00e1 pagar \u00e0 GLOBAL por tal custos efetivamente incorridos e o servi\u00e7o prestado. Em caso de cancelamento, a GLOBAL faturar\u00e1 ao Cliente quaisquer valores devidos e a pagar pelos servi\u00e7os prestados ao Cliente antes da data efetiva do cancelamento.\r\n<h2><strong>Condi\u00e7\u00f5es de pagamento<\/strong><\/h2>\r\nNossas taxas pelos servi\u00e7os prestados ser\u00e3o cobradas da GLOBAL para o endere\u00e7o que temos em arquivo (\u201cFatura\u201d). Os clientes regulares da GLOBAL s\u00e3o prorrogados por quinze (15) dias, tamb\u00e9m conhecidos como termos \u201cnet 15\u201d, ap\u00f3s quinze dias o caso ou pedido pode ser cobrado pela GLOBAL que ser\u00e1 mantido enquanto a conta for mantida em dia. Se voc\u00ea tiver alguma disputa com sua fatura, pedimos que entre em contato conosco pelo telefone 800-851-9029, <a href=\"mailto:info@globalorthodesign.com\">info@globalorthodesign.com<\/a> ou pela plataforma oficial GLOBAL para expressar preocupa\u00e7\u00f5es ou fazer perguntas sobre as cobran\u00e7as dentro de dez (10) dias \u00fateis a partir da data da fatura. Se voc\u00ea n\u00e3o contestar quaisquer cobran\u00e7as por escrito dentro de dez (10) dias \u00fateis a partir da data da fatura, tais cobran\u00e7as ser\u00e3o consideradas v\u00e1lidas por voc\u00ea. Os clientes que habitualmente pagam com atraso podem, a crit\u00e9rio da GLOBAL, perder seus privil\u00e9gios de conta aberta e podem ser obrigados a pagar no momento da presta\u00e7\u00e3o dos servi\u00e7os. Saldos com mais de 30 (trinta) dias de atraso estar\u00e3o sujeitos a um encargo financeiro de 1,5% ao m\u00eas ou superior, conforme permitido por lei. Se sua conta estiver vencida e a GLOBAL o tiver notificado verbalmente ou por escrito sobre o saldo devedor, a GLOBAL poder\u00e1, sem aviso pr\u00e9vio, cessar imediatamente o fornecimento de qualquer e todos os demais Servi\u00e7os e rescindir quaisquer vendas deste Contrato Master. Se a conta do Cliente, ap\u00f3s a inadimpl\u00eancia, for encaminhada a um advogado ou ag\u00eancia de cobran\u00e7a para cobran\u00e7a, o Cliente \u00e9 respons\u00e1vel por pagar todas as despesas da GLOBAL incorridas em tais esfor\u00e7os de cobran\u00e7a, incluindo, sem limita\u00e7\u00e3o, custas judiciais e honor\u00e1rios advocat\u00edcios razo\u00e1veis.\r\n<h2><strong>Limita\u00e7\u00f5es de responsabilidade e indeniza\u00e7\u00e3o<\/strong><\/h2>\r\nOs servi\u00e7os de design de alinhadores invis\u00edveis da GLOBAL est\u00e3o limitados ao planejamento do tratamento de cada caso ou emiss\u00e3o de pedido pelo cliente utilizando a plataforma autorizada GLOBAL. A GLOBAL n\u00e3o \u00e9 respons\u00e1vel pelo resultado final do produto (como, mas n\u00e3o limitado a problemas de montagem, qualidade dos materiais e resultados finais) de fabricantes terceirizados. A GLOBAL oferece um remake de design quatro semanas ap\u00f3s a aprova\u00e7\u00e3o do caso. GLOBAL apenas design sob instru\u00e7\u00f5es do cliente. O cliente \u00e9 respons\u00e1vel pelos casos ou pedidos assim que os casos ou pedidos forem aprovados pelo cliente usando a plataforma autorizada GLOBAL.\r\n<h2><strong>Recrutamento de Pessoal<\/strong><\/h2>\r\nDurante o Prazo de Contrata\u00e7\u00e3o das Partes, e posteriormente por um per\u00edodo de 12 (doze) meses, voc\u00ea reconhece e concorda que n\u00e3o solicitar\u00e1, atrair\u00e1, contratar\u00e1, procurar\u00e1 empregar, solicitar, aconselhar ou incentivar qualquer funcion\u00e1rio da GLOBAL a rescindir seu emprego na GLOBAL. As partes reconhecem e concordam que qualquer viola\u00e7\u00e3o deste par\u00e1grafo ser\u00e1 considerada uma viola\u00e7\u00e3o material deste Contrato e, al\u00e9m dos outros recursos a que a GLOBAL possa ter direito, o Cliente dever\u00e1 pagar \u00e0 GLOBAL imediatamente ap\u00f3s qualquer viola\u00e7\u00e3o deste par\u00e1grafo em um valor igual a 100% da remunera\u00e7\u00e3o atual desse funcion\u00e1rio. O Cliente tamb\u00e9m reconhece e concorda que o recurso legal da GLOBAL n\u00e3o ser\u00e1 suficiente para proteg\u00ea-lo de danos irrepar\u00e1veis \u200b\u200bsofridos em caso de viola\u00e7\u00e3o por parte do Cliente deste par\u00e1grafo e, consequentemente, o Cliente reconhece e concorda que, al\u00e9m dos outros recursos estabelecidos no deste par\u00e1grafo que a GLOBAL possa ter para tal viola\u00e7\u00e3o, que a GLOBAL ter\u00e1 direito a medida cautelar e\/ou execu\u00e7\u00e3o espec\u00edfica. Finalmente, o Cliente reconhece e concorda que nenhuma reclama\u00e7\u00e3o ou causa de a\u00e7\u00e3o por parte do Cliente contra a GLOBAL decorrente deste compromisso ou de outra forma constituir\u00e1 uma defesa para a aplica\u00e7\u00e3o das disposi\u00e7\u00f5es deste par\u00e1grafo.\r\n<h2><strong>Confidencialidade<\/strong><\/h2>\r\nA GLOBAL reconhece que pode tomar conhecimento ou ter posse de informa\u00e7\u00f5es confidenciais e\/ou propriet\u00e1rias do Cliente e\/ou dos clientes\/pacientes do Cliente e, portanto, envidar\u00e1 esfor\u00e7os razo\u00e1veis \u200b\u200bpara manter tais informa\u00e7\u00f5es confidenciais em todos os momentos, reduzir razoavelmente seu acesso a tal material , e n\u00e3o divulgar tais informa\u00e7\u00f5es confidenciais a qualquer funcion\u00e1rio que n\u00e3o seja da empresa e\/ou pessoas n\u00e3o envolvidas com este trabalho. Da mesma forma, o Cliente envidar\u00e1 esfor\u00e7os razo\u00e1veis \u200b\u200bpara impedir que terceiros conhe\u00e7am as informa\u00e7\u00f5es confidenciais e propriet\u00e1rias da GLOBAL, o que inclui, sem limita\u00e7\u00e3o, a metodologia, processos, programas e know-how da GLOBAL.\r\n\r\nFica entendido e acordado que, se o Cliente for uma &#8220;entidade coberta&#8221;, conforme esse termo \u00e9 definido pela Lei de Portabilidade e Responsabilidade de Seguros de Sa\u00fade de 1996 (HIPAA) e os &#8220;Padr\u00f5es para Privacidade de Informa\u00e7\u00f5es de Sa\u00fade Individualmente Identific\u00e1veis&#8221;, promulgados em 45 CFR Partes 160 e 164, e GLOBAL \u00e9 definido como um \u201cAssociado Comercial\u201d do Cliente, o uso ou divulga\u00e7\u00e3o de informa\u00e7\u00f5es de sa\u00fade protegidas de qualquer pessoa \u00e9 regido pelo Contrato de Associado Comercial.\r\n<h2><strong>Limita\u00e7\u00f5es de servi\u00e7o<\/strong><\/h2>\r\nA GLOBAL n\u00e3o fornece diretamente o servi\u00e7o de fabrica\u00e7\u00e3o. A GLOBAL declara expressamente que n\u00e3o \u00e9 prestadora dos servi\u00e7os anteriores e se isenta de qualquer responsabilidade relativa ao relacionamento do Cliente com todo e qualquer fabricante de terceiros. Caso a GLOBAL discuta, recomende ou apresente um Cliente a um fabricante terceirizado, o Cliente entende e concorda que a GLOBAL n\u00e3o est\u00e1 atuando como agente do fornecedor terceirizado ou fiduci\u00e1rio do Cliente.\r\n<h2><strong>Aconselhamento GLOBAL<\/strong><\/h2>\r\nA GLOBAL se isenta expressamente de qualquer responsabilidade por problemas que surjam devido \u00e0 sua falta de vontade de seguir os conselhos da GLOBAL. Problemas relacionados \u00e0 seguran\u00e7a de seus dados, velocidade de sua rede e acesso a dados podem ocorrer devido \u00e0 sua falha em instituir prote\u00e7\u00f5es e sistemas apropriados. O Cliente entende e concorda que a GLOBAL n\u00e3o \u00e9 respons\u00e1vel por quest\u00f5es que resultem na relut\u00e2ncia do Cliente em atender aos conselhos da GLOBAL.\r\n<h2><strong>For\u00e7a Maior<\/strong><strong>\u00a0<\/strong><\/h2>\r\nA GLOBAL n\u00e3o ser\u00e1 respons\u00e1vel pelo descumprimento de qualquer uma de suas obriga\u00e7\u00f5es sob este Contrato Master e Anexos que o acompanham durante qualquer per\u00edodo em que tal cumprimento seja atrasado por acidentes al\u00e9m do controle razo\u00e1vel da GLOBAL, como, entre outros, inc\u00eandio, inunda\u00e7\u00e3o ou outros desastres, ou, embargo, ordem judicial, motim ou outra interven\u00e7\u00e3o de qualquer autoridade governamental, desde que a GLOBAL notifique o Cliente sobre tal atraso. Se o desempenho da GLOBAL for atrasado por esses motivos por um per\u00edodo cumulativo de sessenta (60) dias ou mais a partir da data de tal notifica\u00e7\u00e3o, o Cliente poder\u00e1 rescindir este Contrato Master mediante notifica\u00e7\u00e3o por escrito \u00e0 GLOBAL.\r\n<h2><strong>Avisos<\/strong><\/h2>\r\n<strong>Qualquer notifica\u00e7\u00e3o sob este Contrato Principal dever\u00e1 ser feita por escrito e ser\u00e1 considerada entregue no momento da entrega. Os avisos ser\u00e3o entregues ao Cliente no respectivo endere\u00e7o de correspond\u00eancia ou endere\u00e7o de e-mail eletr\u00f4nico registrado. <\/strong>Todas as notifica\u00e7\u00f5es para a GLOBAL devem ser feitas por escrito e enviadas para: GLOBAL ORTHO DESING INC. Attn: Michael Lomax, 36 Palmetto Drive, Miami Springs, FL33166 ou <a class=\"rank-math-link\" href=\" mailto:mike@globalorthodesign.com\">mike@globalorthodesign.com<\/a>.\r\n<h2><strong>Diversos<\/strong><\/h2>\r\nEste Contrato Principal ser\u00e1 regido e interpretado de acordo com as leis do Estado da Fl\u00f3rida exclusivamente e sem refer\u00eancia a princ\u00edpios de conflito de leis. Qualquer a\u00e7\u00e3o ou reclama\u00e7\u00e3o para fazer cumprir este Contrato Principal dever\u00e1 ser realizada e resolvida no foro do Estado da Fl\u00f3rida, Miami Dale. No caso de qualquer parte deste Contrato Principal ser considerada inv\u00e1lida ou inexequ\u00edvel, a parte inv\u00e1lida ou inexequ\u00edvel deve ser interpretada de acordo com a lei aplic\u00e1vel o mais pr\u00f3ximo poss\u00edvel para refletir as inten\u00e7\u00f5es originais das partes aqui estabelecidas e o restante do este Contrato Principal permanecer\u00e1 em pleno vigor e efeito. Nenhuma ren\u00fancia a qualquer viola\u00e7\u00e3o ou inadimpl\u00eancia nos termos deste instrumento ser\u00e1 considerada uma ren\u00fancia a qualquer viola\u00e7\u00e3o ou inadimpl\u00eancia anterior ou posterior. Excluindo quaisquer reclama\u00e7\u00f5es de terceiros, as reclama\u00e7\u00f5es sob este Contrato Master devem ser iniciadas no prazo m\u00e1ximo de dois (2) anos ap\u00f3s o surgimento da reclama\u00e7\u00e3o. N\u00e3o h\u00e1 terceiros benefici\u00e1rios deste Contrato Master. As Partes deste Contrato Master s\u00e3o contratantes independentes. A GLOBAL pode alterar, alterar ou alterar este Contrato Principal. Tal altera\u00e7\u00e3o ou altera\u00e7\u00e3o de emenda entrar\u00e1 em vigor no momento da entrega. Ao entrar em cada novo Pedido, ou pagar qualquer Fatura, o Contrato Master atual se tornar\u00e1 o Contrato Master existente e v\u00e1lido sem exigir uma nova assinatura. O Cliente reconhece e concorda com o Contrato Master atual ao entrar em cada novo Pedido ou atrav\u00e9s do pagamento da Fatura mais recente.\t\t\t\t\t\t<\/div>\n\t\t\t\t<\/div>\n\t\t\t\t\t<\/div>\n\t\t<\/div>\n\t\t\t\t\t<\/div>\n\t\t<\/section>\n\t\t\t\t<\/div>\n\t\t","protected":false},"excerpt":{"rendered":"<p>Acordo de servi\u00e7os Introdu\u00e7\u00e3o A Global Ortho Design Inc. (\u201cGLOBAL\u201d) tem o prazer de fornecer a voc\u00ea servi\u00e7os de design de alinhadores invis\u00edveis sob este Contrato Master de Servi\u00e7os (o \u201cContrato Master\u201d). Todos e quaisquer Pedidos, Faturas, s\u00e3o incorporados a este \u201cAcordo Master\u201d por e entre voc\u00ea e a Global (coletivamente, as \u201cPartes\u201d ou cada [&hellip;]<\/p>\n","protected":false},"author":1,"featured_media":0,"parent":0,"menu_order":0,"comment_status":"closed","ping_status":"open","template":"","meta":{"footnotes":""},"_links":{"self":[{"href":"https:\/\/globalorthodesign.com\/pt-br\/wp-json\/wp\/v2\/pages\/1404"}],"collection":[{"href":"https:\/\/globalorthodesign.com\/pt-br\/wp-json\/wp\/v2\/pages"}],"about":[{"href":"https:\/\/globalorthodesign.com\/pt-br\/wp-json\/wp\/v2\/types\/page"}],"author":[{"embeddable":true,"href":"https:\/\/globalorthodesign.com\/pt-br\/wp-json\/wp\/v2\/users\/1"}],"replies":[{"embeddable":true,"href":"https:\/\/globalorthodesign.com\/pt-br\/wp-json\/wp\/v2\/comments?post=1404"}],"version-history":[{"count":1,"href":"https:\/\/globalorthodesign.com\/pt-br\/wp-json\/wp\/v2\/pages\/1404\/revisions"}],"predecessor-version":[{"id":1405,"href":"https:\/\/globalorthodesign.com\/pt-br\/wp-json\/wp\/v2\/pages\/1404\/revisions\/1405"}],"wp:attachment":[{"href":"https:\/\/globalorthodesign.com\/pt-br\/wp-json\/wp\/v2\/media?parent=1404"}],"curies":[{"name":"wp","href":"https:\/\/api.w.org\/{rel}","templated":true}]}}