{"id":1418,"date":"2022-03-09T13:29:55","date_gmt":"2022-03-09T19:29:55","guid":{"rendered":"https:\/\/globalorthodesign.com\/declaracoes\/"},"modified":"2022-03-09T13:29:55","modified_gmt":"2022-03-09T19:29:55","slug":"declaracoes","status":"publish","type":"page","link":"https:\/\/globalorthodesign.com\/pt-br\/declaracoes\/","title":{"rendered":"Declara\u00e7\u00f5es"},"content":{"rendered":"\t\t<div data-elementor-type=\"wp-page\" data-elementor-id=\"1418\" class=\"elementor elementor-1418 elementor-881\" data-elementor-post-type=\"page\">\n\t\t\t\t\t\t<section class=\"elementor-section elementor-top-section elementor-element elementor-element-d4c7512 elementor-section-height-min-height elementor-section-boxed elementor-section-height-default elementor-section-items-middle\" data-id=\"d4c7512\" data-element_type=\"section\" data-settings=\"{&quot;background_background&quot;:&quot;classic&quot;}\">\n\t\t\t\t\t\t\t<div class=\"elementor-background-overlay\"><\/div>\n\t\t\t\t\t\t\t<div class=\"elementor-container elementor-column-gap-default\">\n\t\t\t\t\t<div class=\"elementor-column elementor-col-100 elementor-top-column elementor-element elementor-element-91f3bc0\" data-id=\"91f3bc0\" data-element_type=\"column\">\n\t\t\t<div class=\"elementor-widget-wrap elementor-element-populated\">\n\t\t\t\t\t\t<div class=\"elementor-element elementor-element-28ad4ed elementor-widget elementor-widget-heading\" data-id=\"28ad4ed\" data-element_type=\"widget\" data-widget_type=\"heading.default\">\n\t\t\t\t<div class=\"elementor-widget-container\">\n\t\t\t<h1 class=\"elementor-heading-title elementor-size-default\">Declara\u00e7\u00f5es<\/h1>\t\t<\/div>\n\t\t\t\t<\/div>\n\t\t\t\t\t<\/div>\n\t\t<\/div>\n\t\t\t\t\t<\/div>\n\t\t<\/section>\n\t\t\t\t<section class=\"elementor-section elementor-top-section elementor-element elementor-element-5ff1c3b6 elementor-section-boxed elementor-section-height-default elementor-section-height-default\" data-id=\"5ff1c3b6\" data-element_type=\"section\">\n\t\t\t\t\t\t<div class=\"elementor-container elementor-column-gap-default\">\n\t\t\t\t\t<div class=\"elementor-column elementor-col-100 elementor-top-column elementor-element elementor-element-47306fa6\" data-id=\"47306fa6\" data-element_type=\"column\">\n\t\t\t<div class=\"elementor-widget-wrap elementor-element-populated\">\n\t\t\t\t\t\t<div class=\"elementor-element elementor-element-c53ec55 elementor-widget elementor-widget-text-editor\" data-id=\"c53ec55\" data-element_type=\"widget\" data-widget_type=\"text-editor.default\">\n\t\t\t\t<div class=\"elementor-widget-container\">\n\t\t\t\t\t\t\t<h2 style=\"text-align: center;\">Declara\u00e7\u00e3o da Miss\u00e3o<\/h2>\r\nA Global Ortho Design est\u00e1 comprometida em eliminar corre\u00e7\u00f5es e refinamentos no meio do caso. Nosso objetivo \u00e9 que todos os nossos casos acompanhem o resultado previsto de nossas configura\u00e7\u00f5es e projetos.\r\n\r\n&nbsp;\r\n<h2 style=\"text-align: center;\">Declara\u00e7\u00e3o de Vis\u00e3o<\/h2>\r\nNossa vis\u00e3o na Global Ortho Design \u00e9 escalar em um ritmo para manter o mais alto n\u00edvel de design de alinhadores transparentes. A reputa\u00e7\u00e3o de ser o melhor por meio de educa\u00e7\u00e3o continuada e nossos pr\u00f3prios ensaios cl\u00ednicos \u00e9 nossa vis\u00e3o\t\t\t\t\t\t<\/div>\n\t\t\t\t<\/div>\n\t\t\t\t\t<\/div>\n\t\t<\/div>\n\t\t\t\t\t<\/div>\n\t\t<\/section>\n\t\t\t\t<\/div>\n\t\t","protected":false},"excerpt":{"rendered":"<p>Declara\u00e7\u00f5es Declara\u00e7\u00e3o da Miss\u00e3o A Global Ortho Design est\u00e1 comprometida em eliminar corre\u00e7\u00f5es e refinamentos no meio do caso. Nosso objetivo \u00e9 que todos os nossos casos acompanhem o resultado previsto de nossas configura\u00e7\u00f5es e projetos. &nbsp; Declara\u00e7\u00e3o de Vis\u00e3o Nossa vis\u00e3o na Global Ortho Design \u00e9 escalar em um ritmo para manter o mais [&hellip;]<\/p>\n","protected":false},"author":1,"featured_media":0,"parent":0,"menu_order":0,"comment_status":"closed","ping_status":"closed","template":"","meta":{"footnotes":""},"_links":{"self":[{"href":"https:\/\/globalorthodesign.com\/pt-br\/wp-json\/wp\/v2\/pages\/1418"}],"collection":[{"href":"https:\/\/globalorthodesign.com\/pt-br\/wp-json\/wp\/v2\/pages"}],"about":[{"href":"https:\/\/globalorthodesign.com\/pt-br\/wp-json\/wp\/v2\/types\/page"}],"author":[{"embeddable":true,"href":"https:\/\/globalorthodesign.com\/pt-br\/wp-json\/wp\/v2\/users\/1"}],"replies":[{"embeddable":true,"href":"https:\/\/globalorthodesign.com\/pt-br\/wp-json\/wp\/v2\/comments?post=1418"}],"version-history":[{"count":1,"href":"https:\/\/globalorthodesign.com\/pt-br\/wp-json\/wp\/v2\/pages\/1418\/revisions"}],"predecessor-version":[{"id":1419,"href":"https:\/\/globalorthodesign.com\/pt-br\/wp-json\/wp\/v2\/pages\/1418\/revisions\/1419"}],"wp:attachment":[{"href":"https:\/\/globalorthodesign.com\/pt-br\/wp-json\/wp\/v2\/media?parent=1418"}],"curies":[{"name":"wp","href":"https:\/\/api.w.org\/{rel}","templated":true}]}}